{"id":535,"date":"2011-01-23T19:23:28","date_gmt":"2011-01-23T19:23:28","guid":{"rendered":"https:\/\/rockonair.com\/wp\/"},"modified":"2011-10-19T02:59:14","modified_gmt":"2011-10-18T23:59:14","slug":"onair-top10","status":"publish","type":"page","link":"https:\/\/www.rockonair.com\/wp\/programlar\/onair-top10\/","title":{"rendered":"OnAir Top10"},"content":{"rendered":"<p style=\"text-align: center;\"><img data-recalc-dims=\"1\" loading=\"lazy\" decoding=\"async\" class=\"aligncenter size-full wp-image-377\" title=\"Programlar\" src=\"https:\/\/i0.wp.com\/rockonair.com\/wp\/wp-content\/uploads\/2010\/12\/programlar-sayfa.png?resize=500%2C88&#038;ssl=1\" alt=\"Programlar\" width=\"500\" height=\"88\" srcset=\"https:\/\/i0.wp.com\/www.rockonair.com\/wp\/wp-content\/uploads\/2010\/12\/programlar-sayfa.png?w=500&amp;ssl=1 500w, https:\/\/i0.wp.com\/www.rockonair.com\/wp\/wp-content\/uploads\/2010\/12\/programlar-sayfa.png?resize=300%2C52&amp;ssl=1 300w\" sizes=\"auto, (max-width: 500px) 100vw, 500px\" \/><\/p>\n<h2><img data-recalc-dims=\"1\" loading=\"lazy\" decoding=\"async\" class=\"alignright size-full wp-image-544\" title=\"OnAir Top10\" src=\"https:\/\/i0.wp.com\/rockonair.com\/wp\/wp-content\/uploads\/2011\/01\/OnAir-Top10.jpg?resize=250%2C250&#038;ssl=1\" alt=\"OnAir Top10\" width=\"250\" height=\"250\" srcset=\"https:\/\/i0.wp.com\/www.rockonair.com\/wp\/wp-content\/uploads\/2011\/01\/OnAir-Top10.jpg?w=250&amp;ssl=1 250w, https:\/\/i0.wp.com\/www.rockonair.com\/wp\/wp-content\/uploads\/2011\/01\/OnAir-Top10.jpg?resize=150%2C150&amp;ssl=1 150w\" sizes=\"auto, (max-width: 250px) 100vw, 250px\" \/><span style=\"color: #ff0000;\"><strong>OnAir Top10<br \/>\n<\/strong><\/span><\/h2>\n<h4 style=\"padding-left: 180px; text-align: right;\"><strong>\/\/ Herg\u00fcn 19:00 &#8211; 20:00\/\/<br \/>\n<\/strong><\/h4>\n<p><strong>OnAir Top10<\/strong>; herg\u00fcn 19:00-20:00 aras\u0131; <strong>OnAir Top10 Premiere<\/strong> ise pazar 19:00-20:00 aras\u0131 RockOnAir&#8217;da&#8230;<\/p>\n<p><strong>Kurallar:<\/strong><\/p>\n<ul>\n<li>OnAir Top10 listesi, 13 \u015fark\u0131dan olu\u015fan bir anket ile bir haftal\u0131k oylama sonu\u00e7lar\u0131na g\u00f6re belirlenir.<\/li>\n<li>Oylama her pazar 19:00&#8217;a kadar devam eder.<\/li>\n<li>En \u00e7ok oy alan 10 par\u00e7a Top 10 listesinde yer al\u0131r.<\/li>\n<li>Sona kalan 3 par\u00e7a listeden elenir. Yerlerine 3 yeni par\u00e7a aday olarak eklenir.<\/li>\n<li>Anket her hafta yenilenir ve oylar s\u0131f\u0131rlan\u0131r.<\/li>\n<li>OnAir Top 10&#8217;da s\u0131ralamaya giren 10 par\u00e7a; ayl\u0131k, y\u0131ll\u0131k ve t\u00fcm zamanlar listeleri i\u00e7in puan sistemine girerler.<\/li>\n<li>Puan Sistemi&#8217;nde 1.-10; 2.-9; 3.-8; 4.-7; 5.-6; 6.-5; 7.-4; 8.-3; 9.-2; 10.-1 puan al\u0131r.<\/li>\n<li>Toplam puanlara g\u00f6re ayl\u0131k, y\u0131ll\u0131k ve t\u00fcm zamanlar listeleri olu\u015fturulacakt\u0131r.<\/li>\n<\/ul>\n","protected":false},"excerpt":{"rendered":"<p>OnAir Top10 \/\/ Herg\u00fcn 19:00 &#8211; 20:00\/\/ OnAir Top10; herg\u00fcn 19:00-20:00 aras\u0131; OnAir Top10 Premiere ise pazar 19:00-20:00 aras\u0131 RockOnAir&#8217;da&#8230; Kurallar: OnAir Top10 listesi, 13 \u015fark\u0131dan olu\u015fan bir anket ile bir haftal\u0131k oylama sonu\u00e7lar\u0131na g\u00f6re belirlenir. Oylama her pazar 19:00&#8217;a kadar devam eder. En \u00e7ok oy alan 10 par\u00e7a Top 10 listesinde yer al\u0131r. Sona [&hellip;]<\/p>\n","protected":false},"author":1,"featured_media":0,"parent":8,"menu_order":0,"comment_status":"open","ping_status":"open","template":"","meta":{"footnotes":""},"class_list":["post-535","page","type-page","status-publish","hentry"],"jetpack_sharing_enabled":true,"_links":{"self":[{"href":"https:\/\/www.rockonair.com\/wp\/wp-json\/wp\/v2\/pages\/535","targetHints":{"allow":["GET"]}}],"collection":[{"href":"https:\/\/www.rockonair.com\/wp\/wp-json\/wp\/v2\/pages"}],"about":[{"href":"https:\/\/www.rockonair.com\/wp\/wp-json\/wp\/v2\/types\/page"}],"author":[{"embeddable":true,"href":"https:\/\/www.rockonair.com\/wp\/wp-json\/wp\/v2\/users\/1"}],"replies":[{"embeddable":true,"href":"https:\/\/www.rockonair.com\/wp\/wp-json\/wp\/v2\/comments?post=535"}],"version-history":[{"count":15,"href":"https:\/\/www.rockonair.com\/wp\/wp-json\/wp\/v2\/pages\/535\/revisions"}],"predecessor-version":[{"id":1306,"href":"https:\/\/www.rockonair.com\/wp\/wp-json\/wp\/v2\/pages\/535\/revisions\/1306"}],"up":[{"embeddable":true,"href":"https:\/\/www.rockonair.com\/wp\/wp-json\/wp\/v2\/pages\/8"}],"wp:attachment":[{"href":"https:\/\/www.rockonair.com\/wp\/wp-json\/wp\/v2\/media?parent=535"}],"curies":[{"name":"wp","href":"https:\/\/api.w.org\/{rel}","templated":true}]}}