{"id":467,"date":"2011-01-13T03:28:20","date_gmt":"2011-01-13T03:28:20","guid":{"rendered":"https:\/\/rockonair.com\/wp\/"},"modified":"2011-01-13T03:28:20","modified_gmt":"2011-01-13T03:28:20","slug":"gecmis-zaman-olur-ki","status":"publish","type":"page","link":"https:\/\/www.rockonair.com\/wp\/programlar\/gecmis-zaman-olur-ki\/","title":{"rendered":"Ge\u00e7mi\u015f Zaman Olur Ki"},"content":{"rendered":"<p style=\"text-align: center;\"><img data-recalc-dims=\"1\" loading=\"lazy\" decoding=\"async\" class=\"aligncenter size-full wp-image-377\" title=\"Programlar\" src=\"https:\/\/i0.wp.com\/rockonair.com\/wp\/wp-content\/uploads\/2010\/12\/programlar-sayfa.png?resize=500%2C88&#038;ssl=1\" alt=\"Programlar\" width=\"500\" height=\"88\" srcset=\"https:\/\/i0.wp.com\/www.rockonair.com\/wp\/wp-content\/uploads\/2010\/12\/programlar-sayfa.png?w=500&amp;ssl=1 500w, https:\/\/i0.wp.com\/www.rockonair.com\/wp\/wp-content\/uploads\/2010\/12\/programlar-sayfa.png?resize=300%2C52&amp;ssl=1 300w\" sizes=\"auto, (max-width: 500px) 100vw, 500px\" \/><\/p>\n<h2><img data-recalc-dims=\"1\" loading=\"lazy\" decoding=\"async\" class=\"alignright size-full wp-image-468\" title=\"Ge\u00e7mi\u015f Zaman Olur Ki\" src=\"https:\/\/i0.wp.com\/rockonair.com\/wp\/wp-content\/uploads\/2011\/01\/Ge%C3%A7mi%C5%9F-Zaman-Olur-Ki.jpg?resize=250%2C250&#038;ssl=1\" alt=\"Ge\u00e7mi\u015f Zaman Olur Ki\" width=\"250\" height=\"250\" srcset=\"https:\/\/i0.wp.com\/www.rockonair.com\/wp\/wp-content\/uploads\/2011\/01\/Ge%C3%A7mi%C5%9F-Zaman-Olur-Ki.jpg?w=250&amp;ssl=1 250w, https:\/\/i0.wp.com\/www.rockonair.com\/wp\/wp-content\/uploads\/2011\/01\/Ge%C3%A7mi%C5%9F-Zaman-Olur-Ki.jpg?resize=150%2C150&amp;ssl=1 150w\" sizes=\"auto, (max-width: 250px) 100vw, 250px\" \/><span style=\"color: #ff0000;\"><strong>Ge\u00e7mi\u015f Zaman Olur Ki (GZOK)<br \/>\n<\/strong><\/span><\/h2>\n<h4 style=\"padding-left: 180px; text-align: right;\"><strong>\/\/  Yay\u0131n yok \/\/<br \/>\n<\/strong><\/h4>\n<p>DJ s\u00fckut&#8217;un haz\u0131rlad\u0131\u011f\u0131 &#8220;<strong>Ge\u00e7mi\u015f Zaman Olur Ki<\/strong>&#8220;;<br \/>\nher cumartesi 20:00 &#8211; 23:00 saatleri aras\u0131nda RockOnAir&#8217;de&#8230;<\/p>\n<p>Programda her hafta belirlenen bir Rock \u00fcstad\u0131n\u0131n,  ge\u00e7mi\u015ften g\u00fcn\u00fcm\u00fcze  \u015fark\u0131lar\u0131 \u00e7al\u0131n\u0131yor. Ayr\u0131ca program anonslar\u0131nda  sanat\u00e7\u0131 hakk\u0131nda  bilgiler veriliyor&#8230;<\/p>\n<p>Canl\u0131  yay\u0131n s\u0131ras\u0131nda &#8220;onair shout&#8221; \u00fczerinden  yapabilece\u011finiz istekleriniz;  DJ s\u00fckut taraf\u0131ndan de\u011ferlendirilip,  yay\u0131nlanmaktad\u0131r&#8230;<\/p>\n<hr \/>\n<table border=\"0\" cellspacing=\"0\" cellpadding=\"0\" width=\"100%\">\n<tbody>\n<tr>\n<td width=\"32\"><img data-recalc-dims=\"1\" loading=\"lazy\" decoding=\"async\" class=\"alignleft size-full wp-image-343\" title=\"Facebook\" src=\"https:\/\/i0.wp.com\/rockonair.com\/wp\/wp-content\/uploads\/2010\/12\/FaceBook-32.png?resize=32%2C32&#038;ssl=1\" alt=\"Facebook\" width=\"32\" height=\"32\" \/><\/td>\n<td><strong>Ge\u00e7mi\u015f Zaman Olur Ki Facebook Grubu : <\/strong><br \/>\n<a href=\"https:\/\/www.facebook.com\/group.php?gid=63293190574\" target=\"_blank\">https:\/\/www.facebook.com\/group.php?gid=63293190574<\/a><\/td>\n<\/tr>\n<\/tbody>\n<\/table>\n","protected":false},"excerpt":{"rendered":"<p>Ge\u00e7mi\u015f Zaman Olur Ki (GZOK) \/\/ Yay\u0131n yok \/\/ DJ s\u00fckut&#8217;un haz\u0131rlad\u0131\u011f\u0131 &#8220;Ge\u00e7mi\u015f Zaman Olur Ki&#8220;; her cumartesi 20:00 &#8211; 23:00 saatleri aras\u0131nda RockOnAir&#8217;de&#8230; Programda her hafta belirlenen bir Rock \u00fcstad\u0131n\u0131n, ge\u00e7mi\u015ften g\u00fcn\u00fcm\u00fcze \u015fark\u0131lar\u0131 \u00e7al\u0131n\u0131yor. Ayr\u0131ca program anonslar\u0131nda sanat\u00e7\u0131 hakk\u0131nda bilgiler veriliyor&#8230; Canl\u0131 yay\u0131n s\u0131ras\u0131nda &#8220;onair shout&#8221; \u00fczerinden yapabilece\u011finiz istekleriniz; DJ s\u00fckut taraf\u0131ndan de\u011ferlendirilip, yay\u0131nlanmaktad\u0131r&#8230; [&hellip;]<\/p>\n","protected":false},"author":1,"featured_media":0,"parent":8,"menu_order":0,"comment_status":"open","ping_status":"open","template":"","meta":{"footnotes":""},"class_list":["post-467","page","type-page","status-publish","hentry"],"jetpack_sharing_enabled":true,"_links":{"self":[{"href":"https:\/\/www.rockonair.com\/wp\/wp-json\/wp\/v2\/pages\/467","targetHints":{"allow":["GET"]}}],"collection":[{"href":"https:\/\/www.rockonair.com\/wp\/wp-json\/wp\/v2\/pages"}],"about":[{"href":"https:\/\/www.rockonair.com\/wp\/wp-json\/wp\/v2\/types\/page"}],"author":[{"embeddable":true,"href":"https:\/\/www.rockonair.com\/wp\/wp-json\/wp\/v2\/users\/1"}],"replies":[{"embeddable":true,"href":"https:\/\/www.rockonair.com\/wp\/wp-json\/wp\/v2\/comments?post=467"}],"version-history":[{"count":2,"href":"https:\/\/www.rockonair.com\/wp\/wp-json\/wp\/v2\/pages\/467\/revisions"}],"predecessor-version":[{"id":470,"href":"https:\/\/www.rockonair.com\/wp\/wp-json\/wp\/v2\/pages\/467\/revisions\/470"}],"up":[{"embeddable":true,"href":"https:\/\/www.rockonair.com\/wp\/wp-json\/wp\/v2\/pages\/8"}],"wp:attachment":[{"href":"https:\/\/www.rockonair.com\/wp\/wp-json\/wp\/v2\/media?parent=467"}],"curies":[{"name":"wp","href":"https:\/\/api.w.org\/{rel}","templated":true}]}}