{"id":1230,"date":"2011-08-28T16:28:41","date_gmt":"2011-08-28T13:28:41","guid":{"rendered":"https:\/\/rockonair.com\/wp\/?page_id=1230"},"modified":"2011-08-28T16:28:41","modified_gmt":"2011-08-28T13:28:41","slug":"28-hafta","status":"publish","type":"page","link":"https:\/\/www.rockonair.com\/wp\/programlar\/onair-top10\/28-hafta\/","title":{"rendered":"28.Hafta"},"content":{"rendered":"<p style=\"text-align: center;\"><img data-recalc-dims=\"1\" loading=\"lazy\" decoding=\"async\" class=\"aligncenter size-full wp-image-377\" title=\"Programlar\" src=\"https:\/\/i0.wp.com\/rockonair.com\/wp\/wp-content\/uploads\/2010\/12\/programlar-sayfa.png?resize=500%2C88&#038;ssl=1\" alt=\"Programlar\" width=\"500\" height=\"88\" srcset=\"https:\/\/i0.wp.com\/www.rockonair.com\/wp\/wp-content\/uploads\/2010\/12\/programlar-sayfa.png?w=500&amp;ssl=1 500w, https:\/\/i0.wp.com\/www.rockonair.com\/wp\/wp-content\/uploads\/2010\/12\/programlar-sayfa.png?resize=300%2C52&amp;ssl=1 300w\" sizes=\"auto, (max-width: 500px) 100vw, 500px\" \/><\/p>\n<h2><span style=\"color: #ff0000;\"><strong>OnAir Top10 &#8211; 28.Hafta Sonu\u00e7lar\u0131<\/strong><\/span><\/h2>\n<h2><strong> <\/strong><strong><img data-recalc-dims=\"1\" loading=\"lazy\" decoding=\"async\" class=\"aligncenter size-full wp-image-1231\" title=\"OnAir Top10 Sonu\u00e7lar\u0131 - 28.Hafta\" src=\"https:\/\/i0.wp.com\/rockonair.com\/wp\/wp-content\/uploads\/2011\/08\/OnAir-Top10-Sonu%C3%A7lar%C4%B1-28.Hafta_.jpg?resize=500%2C500&#038;ssl=1\" alt=\"OnAir Top10 Sonu\u00e7lar\u0131 - 28.Hafta\" width=\"500\" height=\"500\" \/><\/strong><\/h2>\n<hr \/>\n<p style=\"text-align: center;\"><div id=\"polls-29\" class=\"wp-polls\">\n\t\t<p style=\"text-align: center;\"><strong>28.Hafta<\/strong><\/p><div id=\"polls-29-ans\" class=\"wp-polls-ans\"><ul class=\"wp-polls-ul\">\n\t\t<li>Emre Ayd\u0131n - Tam D\u00f6rt Y\u0131l Olmu\u015f D\u00fcn (3) <small>(38%, 107 Oy)<\/small><div class=\"pollbar\" style=\"width: 38%;\" title=\"Emre Ayd\u0131n - Tam D\u00f6rt Y\u0131l Olmu\u015f D\u00fcn (3) (38% | 107 Votes)\"><\/div><\/li>\n\t\t<li>Pastel - Pastel (1) <small>(30%, 85 Oy)<\/small><div class=\"pollbar\" style=\"width: 30%;\" title=\"Pastel - Pastel (1) (30% | 85 Votes)\"><\/div><\/li>\n\t\t<li>Rol - B\u00fcy\u00fckl\u00fck Bende Kals\u0131n (2) <small>(14%, 39 Oy)<\/small><div class=\"pollbar\" style=\"width: 14%;\" title=\"Rol - B\u00fcy\u00fckl\u00fck Bende Kals\u0131n (2) (14% | 39 Votes)\"><\/div><\/li>\n\t\t<li>Frekans - Papatyalar (5) <small>(8%, 23 Oy)<\/small><div class=\"pollbar\" style=\"width: 8%;\" title=\"Frekans - Papatyalar (5) (8% | 23 Votes)\"><\/div><\/li>\n\t\t<li>Manga - Fly To Stay Alive (4) <small>(3%, 9 Oy)<\/small><div class=\"pollbar\" style=\"width: 3%;\" title=\"Manga - Fly To Stay Alive (4) (3% | 9 Votes)\"><\/div><\/li>\n\t\t<li>Renk K\u00f6r\u00fc - Son Mektup (8) <small>(2%, 7 Oy)<\/small><div class=\"pollbar\" style=\"width: 2%;\" title=\"Renk K\u00f6r\u00fc - Son Mektup (8) (2% | 7 Votes)\"><\/div><\/li>\n\t\t<li>Seksend\u00f6rt - S\u00f6yle (6) <small>(2%, 6 Oy)<\/small><div class=\"pollbar\" style=\"width: 2%;\" title=\"Seksend\u00f6rt - S\u00f6yle (6) (2% | 6 Votes)\"><\/div><\/li>\n\t\t<li>Model - De\u011fmesin Ellerimiz (7) <small>(1%, 3 Oy)<\/small><div class=\"pollbar\" style=\"width: 1%;\" title=\"Model - De\u011fmesin Ellerimiz (7) (1% | 3 Votes)\"><\/div><\/li>\n\t\t<li>Arkabah\u00e7e - Serena (9) <small>(1%, 3 Oy)<\/small><div class=\"pollbar\" style=\"width: 1%;\" title=\"Arkabah\u00e7e - Serena (9) (1% | 3 Votes)\"><\/div><\/li>\n\t\t<li>Koz - Sevemedim (-) <small>(1%, 2 Oy)<\/small><div class=\"pollbar\" style=\"width: 1%;\" title=\"Koz - Sevemedim (-) (1% | 2 Votes)\"><\/div><\/li>\n\t\t<li>G\u00f6k\u00e7e - Tuttu F\u0131rlatt\u0131 (10) <small>(0%, 1 Oy)<\/small><div class=\"pollbar\" style=\"width: 0%;\" title=\"G\u00f6k\u00e7e - Tuttu F\u0131rlatt\u0131 (10) (0% | 1 Votes)\"><\/div><\/li>\n\t\t<\/ul><p style=\"text-align: center;\">Toplam Oylayan: <strong>285<\/strong><\/p><\/div>\n\t\t<input type=\"hidden\" id=\"poll_29_nonce\" name=\"wp-polls-nonce\" value=\"c8463fcbf7\" \/>\n<\/div>\n<div id=\"polls-29-loading\" class=\"wp-polls-loading\"><img data-recalc-dims=\"1\" loading=\"lazy\" decoding=\"async\" src=\"https:\/\/i0.wp.com\/www.rockonair.com\/wp\/wp-content\/plugins\/wp-polls\/images\/loading.gif?resize=16%2C16&#038;ssl=1\" width=\"16\" height=\"16\" alt=\"Y\u00fckleniyor ...\" title=\"Y\u00fckleniyor ...\" class=\"wp-polls-image\" \/>&nbsp;Y\u00fckleniyor ...<\/div>\n<\/p>\n","protected":false},"excerpt":{"rendered":"<p>OnAir Top10 &#8211; 28.Hafta Sonu\u00e7lar\u0131<\/p>\n","protected":false},"author":1,"featured_media":0,"parent":535,"menu_order":0,"comment_status":"open","ping_status":"open","template":"","meta":{"footnotes":""},"class_list":["post-1230","page","type-page","status-publish","hentry"],"jetpack_sharing_enabled":true,"_links":{"self":[{"href":"https:\/\/www.rockonair.com\/wp\/wp-json\/wp\/v2\/pages\/1230","targetHints":{"allow":["GET"]}}],"collection":[{"href":"https:\/\/www.rockonair.com\/wp\/wp-json\/wp\/v2\/pages"}],"about":[{"href":"https:\/\/www.rockonair.com\/wp\/wp-json\/wp\/v2\/types\/page"}],"author":[{"embeddable":true,"href":"https:\/\/www.rockonair.com\/wp\/wp-json\/wp\/v2\/users\/1"}],"replies":[{"embeddable":true,"href":"https:\/\/www.rockonair.com\/wp\/wp-json\/wp\/v2\/comments?post=1230"}],"version-history":[{"count":1,"href":"https:\/\/www.rockonair.com\/wp\/wp-json\/wp\/v2\/pages\/1230\/revisions"}],"predecessor-version":[{"id":1232,"href":"https:\/\/www.rockonair.com\/wp\/wp-json\/wp\/v2\/pages\/1230\/revisions\/1232"}],"up":[{"embeddable":true,"href":"https:\/\/www.rockonair.com\/wp\/wp-json\/wp\/v2\/pages\/535"}],"wp:attachment":[{"href":"https:\/\/www.rockonair.com\/wp\/wp-json\/wp\/v2\/media?parent=1230"}],"curies":[{"name":"wp","href":"https:\/\/api.w.org\/{rel}","templated":true}]}}